{"id":2764,"date":"2023-01-30T21:21:44","date_gmt":"2023-01-30T20:21:44","guid":{"rendered":"https:\/\/dev-saso-avsenik.votan.co\/splosni-pogoji\/"},"modified":"2023-09-19T10:36:54","modified_gmt":"2023-09-19T08:36:54","slug":"geschaeftsbedingungen","status":"publish","type":"page","link":"https:\/\/www.saso-avsenik.com\/de\/geschaeftsbedingungen\/","title":{"rendered":"Gesch\u00e4ftsbedingungen"},"content":{"rendered":"\n<p>Die allgemeinen Gesch\u00e4ftsbedingungen des Online-Shops saso-avsenik.com werden in \u00dcbereinstimmung mit dem Verbraucherschutzgesetz (ZVPot-UPB2) erstellt.<\/p>\n\n\n\n<p>Der Online-Shop saso-avsenik.com wird von der Sa\u0161a Avsenika Ensemble Cultural Society verwaltet.<\/p>\n\n\n\n<p>Bitte lesen Sie die Allgemeinen Gesch\u00e4ftsbedingungen des Online-Shops sorgf\u00e4ltig durch, da diese f\u00fcr Sie verbindlich sind, sobald Sie unseren Online-Shop betreten. Mit jedem Einkauf \u00fcber unseren Online-Shop best\u00e4tigen Sie, dass Sie mit dem gesamten Inhalt der Allgemeinen Gesch\u00e4ftsbedingungen vertraut sind und den angebotenen Allgemeinen Gesch\u00e4ftsbedingungen uneingeschr\u00e4nkt zustimmen.<\/p>\n\n\n\n<p>F\u00fcr Online-Shop-Dienste ist eine Registrierung als Nutzer nicht erforderlich. Geben Sie beim Kauf Ihre Daten in das System ein und schlie\u00dfen Sie den Kauf ab.<\/p>\n\n\n\n<p>Der Anbieter beh\u00e4lt sich das Recht vor, \u00c4nderungen der Allgemeinen Gesch\u00e4ftsbedingungen ohne besondere Ank\u00fcndigung vorzunehmen. Die \u00c4nderungen gelten ab dem Zeitpunkt der Ver\u00f6ffentlichung und sind f\u00fcr den Nutzer verbindlich.<\/p>\n\n\n\n<p>Der Online-Shop ist t\u00e4glich rund um die Uhr ge\u00f6ffnet. Aus verschiedenen technischen Gr\u00fcnden ist es manchmal nicht m\u00f6glich, Gesch\u00e4fte \u00fcber den Online-Shop abzuwickeln oder sogar auf den Shop zuzugreifen. Daher beh\u00e4lt sich der Anbieter das Recht vor, den Verkauf einiger oder sogar aller Produkte f\u00fcr einen bestimmten oder unbestimmten Zeitraum einzuschr\u00e4nken oder ganz einzustellen oder den Zugriff auf die Online-Shop-Seite f\u00fcr einen bestimmten oder unbestimmten Zeitraum einzuschr\u00e4nken oder ganz zu sperren. Der Anbieter \u00fcbernimmt keine Verantwortung f\u00fcr das Nichtfunktionieren des Shops aufgrund von Unkenntnis der Nutzung, etwaige Folgen eines Missbrauchs des Online-Shops, Nichtfunktionieren des Dienstes aufgrund von Netzwerkausfall, Stromausfall oder anderen technischen St\u00f6rungen, die vor\u00fcbergehend, oder sogar f\u00fcr l\u00e4ngere Zeit die Nutzung beeintr\u00e4chtigen.<\/p>\n\n\n\n<h3 class=\"wp-block-heading\">1. KAUFVERFAHREN<\/h3>\n\n\n\n<p>Um zu sehen, was zum Kauf verf\u00fcgbar ist, st\u00f6bern Sie einfach im Online-Produktkatalog.<\/p>\n\n\n\n<p>Wenn Sie das Produkt gefunden haben, das Sie bestellen m\u00f6chten, klicken Sie auf das Symbol \u201eIn den Warenkorb\u201c. Oben rechts im WARENKORB k\u00f6nnen Sie \u00fcberwachen, wie viele Artikel Sie darin haben.<\/p>\n\n\n\n<p>Wenn Sie den Kauf abschlie\u00dfen m\u00f6chten, klicken Sie im WARENKORB auf die Schaltfl\u00e4che \u201eZur Kasse gehen\u201c und folgen Sie den Kaufschritten.<\/p>\n\n\n\n<h4 class=\"wp-block-heading\">BESTELLPROZESS:<\/h4>\n\n\n\n<ul class=\"wp-block-list\">\n<li>Der K\u00e4ufer w\u00e4hlt das gew\u00fcnschte Produkt aus und klickt auf die Schaltfl\u00e4che \u201eIn den Warenkorb\u201c. Wenn das Produkt in den Warenkorb gelegt wird, ist es auch darin sichtbar. Der Kunde gelangt in den Warenkorb, indem er auf die Schaltfl\u00e4che \u201eBestellen\u201c klickt, die oben rechts erscheint.<\/li>\n\n\n\n<li>Sollte dem K\u00e4ufer das ausgew\u00e4hlte Produkt nicht gefallen, kann er es durch einen Klick auf \u201eEntfernen\u201c aus dem Warenkorb entfernen.<\/li>\n\n\n\n<li>M\u00f6chte der Kunde mit dem Kauf fortfahren (er m\u00f6chte weitere Produkte kaufen), klickt er auf \u201eMit Kauf fortfahren\u201c.<\/li>\n\n\n\n<li>Hat der Kunde einen Rabattcode erhalten, gibt er diesen in den Warenkorb ein und klickt auf die Schaltfl\u00e4che \u201eAnwenden\u201c.<\/li>\n\n\n\n<li>Wenn der K\u00e4ufer alle gew\u00fcnschten Produkte ausgew\u00e4hlt hat, gibt er die erforderlichen Informationen in das Formular unter dem Warenkorb ein.<\/li>\n\n\n\n<li>Sobald der Kunde die Bestellung best\u00e4tigt (Klick auf die Schaltfl\u00e4che \u201eBestellen\u201c), ist eine \u00c4nderung der Bestellung \u00fcber die Website nicht mehr m\u00f6glich.<\/li>\n\n\n\n<li>Nach der Bestellung erh\u00e4lt der K\u00e4ufer eine E-Mail-Benachrichtigung, dass seine Bestellung angenommen wurde und bearbeitet wird.<\/li>\n\n\n\n<li>\u00c4nderungen oder Stornierungen der Bestellung k\u00f6nnen vom K\u00e4ufer innerhalb von 3 (drei) Stunden nach der Online-Best\u00e4tigung der Bestellung an die E-Mail-Adresse <a href=\"mailto:shop@saso-avsenik.com\">shop@saso-avsenik.com<\/a> vorgenommen werden.<\/li>\n<\/ul>\n\n\n\n<h3 class=\"wp-block-heading\">2. ZAHLUNGEN und KOSTEN DER LIEFERARTEN<\/h3>\n\n\n\n<h4 class=\"wp-block-heading\">Nachnahme (nur f\u00fcr Slowenien)<\/h4>\n\n\n\n<figure class=\"wp-block-table\"><table><tbody><tr><td>WERT DES PAKETS<\/td><td>VERSANDKOSTEN werden dem Konto gutgeschrieben<\/td><td>ZAHLUNGSPROVISIONSKOSTEN<\/td><\/tr><tr><td>0 &#8211; 59,99 \u20ac<\/td><td>4,90 \u20ac mit DDV<\/td><td>0,65\u20ac<\/td><\/tr><tr><td>\u00fcber 60 \u20ac<\/td><td>KOSTENLOS<\/td><td>0,65\u20ac<\/td><\/tr><\/tbody><\/table><\/figure>\n\n\n\n<h4 class=\"wp-block-heading\">Zahlung per Rechnung (f\u00fcr Slowenien und EU-L\u00e4nder)<\/h4>\n\n\n\n<p>Nach der Bestellung senden wir Ihnen schnellstm\u00f6glich ein Angebot oder eine Proforma-Rechnung mit Zahlungsinformationen an Ihre E-Mail-Adresse. In diesem Fall betr\u00e4gt die Zahlungsfrist 5 Werktage. Wenn Sie das Angebot nicht innerhalb dieser Frist bezahlen, betrachten wir die Bestellung als storniert. Sobald Ihre \u00dcberweisung auf unserem Konto sichtbar ist, versenden wir das Paket an Sie.<\/p>\n\n\n\n<figure class=\"wp-block-table\"><table><tbody><tr><td>PAKETWERT<\/td><td>VERSANDKOSTEN auf der Rechnung angegeben<br>LIEFERKOSTEN f\u00fcr Slowenien<\/td><td>Wird auf dem Konto f\u00fcr andere EU-L\u00e4nder angegeben.<\/td><td>PROVISIONSKOSTEN F\u00dcR UPN-ZAHLUNG<\/td><\/tr><tr><td>0 &#8211; 59,99 \u20ac<\/td><td>4,90 \u20ac mit DDV<\/td><td>9,90 \u20ac mit DDV<\/td><td>0 \u20ac<\/td><\/tr><tr><td>\u00dcber 60 \u20ac<\/td><td>KOSTENLOS<\/td><td>KOSTENLOS<\/td><td>0 \u20ac<\/td><\/tr><\/tbody><\/table><\/figure>\n\n\n\n<h3 class=\"wp-block-heading\">3. PREISE<\/h3>\n\n\n\n<p>Alle Preise im Online-Shop verstehen sich in Euro und enthalten die gesetzliche Mehrwertsteuer (Mehrwertsteuer).<\/p>\n\n\n\n<p>F\u00fcr alle Bestellungen gelten die aktuellen Preise. Beim Kauf ber\u00fccksichtigen wir den zum Zeitpunkt der Zahlungsbest\u00e4tigung g\u00fcltigen Preis.<\/p>\n\n\n\n<p>Die aufgef\u00fchrten Produktpreise sind aktuell g\u00fcltig, wir k\u00f6nnen diese jedoch ohne vorherige Ank\u00fcndigung \u00e4ndern.<\/p>\n\n\n\n<h4 class=\"wp-block-heading\">AKTIONEN-RABATTE<\/h4>\n\n\n\n<p>Benutzer des Online-Shops k\u00f6nnen Produkte zu Aktionspreisen und Preisen mit Rabatten kaufen. Verschiedene Kampagnen, Werbeaktionen und andere Marketingtechniken werden als solche gekennzeichnet. Ebenso werden f\u00fcr jedes Produkt, f\u00fcr das eine Aktion oder ein erm\u00e4\u00dfigter Preis gilt, die Teilnahmebedingungen klar definiert.<\/p>\n\n\n\n<h3 class=\"wp-block-heading\">4. PRIVATSPH\u00c4RE UND DATENSCHUTZ<\/h3>\n\n\n\n<p>Der Anbieter verpflichtet sich, Ihre Privatsph\u00e4re zu sch\u00fctzen. Alle pers\u00f6nlichen Daten des Nutzers des Online-Shops werden vertraulich behandelt und in keinem Fall an Unbefugte weitergegeben.<\/p>\n\n\n\n<p>Sie k\u00f6nnen die meisten Seiten unseres Online-Shops besuchen, ohne dass Sie pers\u00f6nliche Daten wie Ihren Namen, Ihre Anschrift und Ihre E-Mail-Adresse preisgeben m\u00fcssen. Dennoch erhalten wir einige Informationen automatisch mithilfe von Cookies und Websignalen (\u201ePixel-Tags\u201c), Standardtools in der Online-Branche. Durch die Verwendung von Cookies und Web-Beacons k\u00f6nnen wir Ihre IP-Adresse, den von Ihnen verwendeten Browsertyp und Ihre allgemeine Online-Aktivit\u00e4t erkennen. Wenn Sie Cookies auf Ihrem Computer deaktivieren, ist ein Kauf im Online-Shop nicht m\u00f6glich.<\/p>\n\n\n\n<p>F\u00fcr einen Einkauf in unserem Online-Shop ben\u00f6tigen wir Ihre pers\u00f6nlichen Daten. Wir geben die von Ihnen bereitgestellten Informationen nicht an Dritte weiter, au\u00dfer zum Zweck der Lieferung der Produkte. Der Anbieter ergreift alle notwendigen Ma\u00dfnahmen, um die Vertraulichkeit personenbezogener Daten zu sch\u00fctzen.<\/p>\n\n\n\n<p>F\u00fcr den Schutz personenbezogener Daten ist auch der Nutzer selbst verantwortlich, und zwar indem er f\u00fcr den Schutz seines Computers sorgt.<\/p>\n\n\n\n<h3 class=\"wp-block-heading\">5. BESTELLUNG<\/h3>\n\n\n\n<h4 class=\"wp-block-heading\">ABLEHNUNG DER BESTELLUNG<\/h4>\n\n\n\n<p>Eine Bestellung, die unter den angegebenen Bedingungen und den im Online-Shop verf\u00fcgbaren Informationen nicht ausgef\u00fchrt werden kann, wird abgelehnt. Der Verbraucher kann die Erf\u00fcllung einer solchen Bestellung nicht verlangen.<\/p>\n\n\n\n<h4 class=\"wp-block-heading\">AUFTRAGSABWICKLUNG<\/h4>\n\n\n\n<p>Der Online-Shop wird unmittelbar nach Eingang der angenommenen Bestellung mit den zur Ausf\u00fchrung der angenommenen Bestellung erforderlichen Ma\u00dfnahmen beginnen.<\/p>\n\n\n\n<h4 class=\"wp-block-heading\">LAGERUNG BESTELLEN<\/h4>\n\n\n\n<p>Elektronische Bestellung aufgegeben bzw Der abgeschlossene Kaufvertrag wird am Firmensitz gespeichert. Der Verbraucher kann alle seine Bestellungen in seinem Profil \u00fcberwachen.<\/p>\n\n\n\n<h4 class=\"wp-block-heading\">R\u00dcCKTRITT VON DER BESTELLUNG<\/h4>\n\n\n\n<p>Gem\u00e4\u00df Artikel 43 des Verbraucherschutzgesetzes kann der K\u00e4ufer den Anbieter innerhalb von 15 Tagen nach Erhalt der Ware schriftlich \u00fcber den R\u00fccktritt vom Vertrag informieren oder Auftr\u00e4ge.<\/p>\n\n\n\n<p>Bei der R\u00fccksendung m\u00fcssen die Produkte unge\u00f6ffnet, unbenutzt, unbesch\u00e4digt, in der Menge unver\u00e4ndert und in der Originalverpackung sein. Der R\u00fccksendung m\u00fcssen au\u00dferdem die Rechnung f\u00fcr die Ware, pers\u00f6nliche Daten und die Transaktionsrechnung beigef\u00fcgt sein, in der der K\u00e4ufer die R\u00fcckzahlung erhalten m\u00f6chte.<\/p>\n\n\n\n<p>Der K\u00e4ufer muss die Ware innerhalb von 15 Tagen nach schriftlicher Mitteilung an die Adresse an das Unternehmen zur\u00fccksenden: Kulturno dru\u0161tvo Ansambla Sa\u0161a Avsenika, Begunje na Gorenjskem 22a, 4275 Begunje na Gorenjskem.<\/p>\n\n\n\n<p>Die Versandkosten f\u00fcr die R\u00fccksendung der Ware tr\u00e4gt der K\u00e4ufer. Der Anbieter erstattet den gesamten Kaufpreis schnellstm\u00f6glich, sp\u00e4testens jedoch innerhalb von 15 Tagen nach Erhalt der R\u00fccktrittserkl\u00e4rung, portofrei zur\u00fcck. Zahlungsr\u00fcckerstattungen erfolgen an das TRR des Kunden.<\/p>\n\n\n\n<h3 class=\"wp-block-heading\">6. LIEFERUNG<\/h3>\n\n\n\n<p>Wir bereiten die bestellte Ware vor und versenden sie innerhalb von 48 Stunden. Bei Artikeln, bei denen die Lieferzeit l\u00e4nger als geplant ist, wird der K\u00e4ufer \u00fcber die ge\u00e4nderte Lieferzeit informiert.<\/p>\n\n\n\n<p>Wir versenden die Ware \u00fcber GLS Slowenien. An Samstagen, Sonntage und Feiertagen versenden wir keine Ware. Bitte beachten Sie, dass auch die Zustellung des Pakets eine gewisse Zeit in Anspruch nimmt. In Slowenien betr\u00e4gt die Lieferzeit f\u00fcr die meisten Sendungen einen Tag, diese kann sich jedoch aus verschiedenen Gr\u00fcnden, die au\u00dferhalb unserer Kontrolle liegen (Pannen, Unf\u00e4lle, Fehler, Stra\u00dfenverh\u00e4ltnisse usw.), verl\u00e4ngern. Im Ausland verl\u00e4ngert sich diese Zeit.<\/p>\n\n\n\n<p>Die Lieferung der im Online-Shop bestellten Waren ist auf dem Gebiet der Republik Slowenien und Europa m\u00f6glich.<\/p>\n\n\n\n<p>Jeder Kunde erh\u00e4lt am Tag der Lieferung eine SMS. Sollten Sie bei der Zustellung des Pakets nicht zu Hause sein, stehen Ihnen zur Verf\u00fcgung:<\/p>\n\n\n\n<ul class=\"wp-block-list\">\n<li>Abholung am GLS Paketomat-Abholpunkt<\/li>\n\n\n\n<li>Sie k\u00f6nnen einen anderen Tag f\u00fcr die Lieferung w\u00e4hlen<\/li>\n<\/ul>\n\n\n\n<h3 class=\"wp-block-heading\">7. BESCHWERDEN<\/h3>\n\n\n\n<p>Alle Produkte werden vor der Auslieferung gepr\u00fcft und unbesch\u00e4digt versendet. Wir verpacken Ihre Produkte sorgf\u00e4ltig in einem Lieferkarton, damit sie unbesch\u00e4digt und in der Originalverpackung bei Ihnen ankommen.<\/p>\n\n\n\n<h4 class=\"wp-block-heading\">MENGENANSPRUCH<\/h4>\n\n\n\n<p>F\u00fcr den Fall, dass die Menge der Produkte im Paket nicht \u00fcbereinstimmt, muss der K\u00e4ufer den Shop saso-avsenik.com sp\u00e4testens innerhalb von 3 Tagen nach \u00dcbernahme an die E-Mail-Adresse <a href=\"mailto:shop@saso-avsenik.com\">shop@saso-avsenik.com<\/a> dar\u00fcber informieren. Sollte ein Produkt im Paket fehlen, wird das Produkt auf Grundlage der Benachrichtigung an den K\u00e4ufer versendet.<\/p>\n\n\n\n<h4 class=\"wp-block-heading\">FALSCHE WARE<\/h4>\n\n\n\n<p>\u00dcberpr\u00fcfen Sie die erhaltene Ware umgehend. Wenn das gelieferte Paket die falsche Ware enth\u00e4lt, muss der K\u00e4ufer den Shop saso-avsenik.com unter der E-Mail-Adresse <a href=\"mailto:shop@saso-avsenik.com\">shop@saso-avsenik.com<\/a> sp\u00e4testens 3 Tage nach Erhalt informieren. Nach Erhalt des richtigen Produkts ist es die Pflicht des K\u00e4ufers, das falsche Produkt dem Postboten zu \u00fcbergeben und es an die Adresse des Kulturno dru\u0161tvo Ansambla Sa\u0161a Avsenika zur\u00fcckzusenden.<\/p>\n\n\n\n<h4 class=\"wp-block-heading\">ANSPRUCH AUF PHYSIKALISCH BESCH\u00c4DIGTE PRODUKTE<\/h4>\n\n\n\n<p>\u00dcberpr\u00fcfen Sie die erhaltene Ware umgehend. Wenn im versendeten Paket etwas besch\u00e4digt oder versch\u00fcttet wird, muss der K\u00e4ufer den Schaden unverz\u00fcglich, sp\u00e4testens jedoch innerhalb von 3 Tagen nach Erhalt, dem Online-Shop saso-avsenik.com an die E-Mail-Adresse <a href=\"mailto:shop@saso-avsenik.com\">shop@saso-avsenik.com<\/a> mitteilen. Aufgrund der entsprechenden Mitteilung an den K\u00e4ufer tauschen wir das Produkt innerhalb k\u00fcrzester Zeit um oder erstatten den Kaufpreis auf das angegebene Transaktionskonto zur\u00fcck. Nach Erhalt eines neuen Produkts ist es die Pflicht des K\u00e4ufers, versch\u00fcttete oder besch\u00e4digte Waren dem Postboten zu \u00fcbergeben und sie an den Kulturverein Sa\u0161a Avsenika Ensemble zur\u00fcckzusenden.<\/p>\n\n\n\n<h4 class=\"wp-block-heading\">REKLAMATION, DIE SICH AUF TATS\u00c4CHLICHE ODER VERSTECKTE M\u00c4NGEL BEZIEHT<\/h4>\n\n\n\n<p>Der Verbraucher muss den Verk\u00e4ufer \u00fcber die E-Mail-Adresse <a href=\"mailto:shop@saso-avsenik.com\">shop@saso-avsenik.com<\/a> \u00fcber den Fehler informieren. Der Verbraucher muss dem Verk\u00e4ufer die M\u00f6glichkeit geben, das Produkt zu pr\u00fcfen. Wenn der Fehler nicht bestritten wird, wird das Unternehmen dem Anspruch des Verbrauchers so schnell wie m\u00f6glich, sp\u00e4testens jedoch innerhalb von 8 Tagen, stattgeben. Kommt es zu Streitigkeiten \u00fcber den Fehler, gibt das Unternehmen dem Verbraucher innerhalb derselben Frist eine schriftliche Antwort.<\/p>\n\n\n\n<p>Senden Sie das Produkt mit einem Fehler an die Adresse der Kulturno dru\u0161tvo Ansambla Sa\u0161a Avsenika zur\u00fcck. Wir werden es nach M\u00f6glichkeit ersetzen, andernfalls erstatten wir Ihnen Ihre TRR. Der Kulturno dru\u0161tvo Ansambla Sa\u0161a Avsenika beh\u00e4lt sich das Recht vor, eine Beschwerde in folgenden F\u00e4llen abzulehnen:<\/p>\n\n\n\n<ul class=\"wp-block-list\">\n<li>wenn wir feststellen, dass die Unbrauchbarkeit des Artikels auf eine unsachgem\u00e4\u00dfe Behandlung durch Sie zur\u00fcckzuf\u00fchren ist,<\/li>\n\n\n\n<li>wenn die Ware nicht in der Originalverpackung zur\u00fcckgesandt wurde.<\/li>\n<\/ul>\n\n\n\n<h3 class=\"wp-block-heading\">8. GEISTIGES EIGENTUM<\/h3>\n\n\n\n<p>Alle Rechte vorbehalten. Alle Texte, Bilder, Grafiken, Tondateien, Animationen, Videos und deren Derivate auf dieser Seite unterliegen dem Urheberrecht und anderen Schutzgesetzen f\u00fcr geistiges Eigentum. Diese Elemente d\u00fcrfen weder f\u00fcr kommerzielle Zwecke oder zur Weitergabe kopiert noch ver\u00e4ndert oder auf anderen Websites erneut ver\u00f6ffentlicht werden. Diese Website kann auch Bilder enthalten, f\u00fcr die der Anbieter das Nutzungsrecht erworben hat, die jedoch dem Urheberrecht Dritter unterliegen.<\/p>\n\n\n\n<p>Unter keinen Umst\u00e4nden ist der Anbieter f\u00fcr Links verantwortlich, die nicht Teil dieser Website oder anderer Websites sind, die mit dieser Website verlinkt sind oder nicht. Der Anbieter lehnt jegliche Verantwortung f\u00fcr die Richtigkeit der auf diesen verlinkten Seiten verf\u00fcgbaren Informationen und der auf diesen Websites verf\u00fcgbaren Produkte oder Dienstleistungen ab.<\/p>\n\n\n\n<h3 class=\"wp-block-heading\">9. INFORMATIONEN \u00dcBER DAS UNTERNEHMEN<\/h3>\n\n\n\n<p>Kulturno dru\u0161tvo Ansambla Sa\u0161a Avsenika<br>Begunje na Gorenjskem 22a<br>4275 Begunje na Gorenjskem<br>Slowenien<\/p>\n\n\n\n<p>Tel: +386 41 225 013<br>Mail: <a href=\"mailto:shop@saso-avsenik.com\">shop@saso-avsenik.com<\/a><\/p>\n\n\n\n<p>SI56 0433 1000 2987 521 (Nova KBM d.d.)<br>Identifikationsnummer: 4021100000<br>Umsatzsteuer-Identifikationsnummer: SI 14617226<\/p>\n","protected":false},"excerpt":{"rendered":"<p>Die allgemeinen Gesch\u00e4ftsbedingungen des Online-Shops saso-avsenik.com werden in \u00dcbereinstimmung mit dem Verbraucherschutzgesetz (ZVPot-UPB2) erstellt. Der Online-Shop saso-avsenik.com wird von der Sa\u0161a Avsenika Ensemble Cultural Society verwaltet. Bitte lesen Sie die Allgemeinen Gesch\u00e4ftsbedingungen des Online-Shops sorgf\u00e4ltig durch, da diese f\u00fcr Sie verbindlich sind, sobald Sie unseren Online-Shop betreten. Mit jedem Einkauf \u00fcber unseren Online-Shop best\u00e4tigen Sie, [&hellip;]<\/p>\n","protected":false},"author":1,"featured_media":0,"parent":0,"menu_order":0,"comment_status":"closed","ping_status":"closed","template":"","meta":{"site-sidebar-layout":"default","site-content-layout":"","ast-site-content-layout":"default","site-content-style":"default","site-sidebar-style":"default","ast-global-header-display":"","ast-banner-title-visibility":"","ast-main-header-display":"","ast-hfb-above-header-display":"","ast-hfb-below-header-display":"","ast-hfb-mobile-header-display":"","site-post-title":"","ast-breadcrumbs-content":"","ast-featured-img":"","footer-sml-layout":"","ast-disable-related-posts":"","theme-transparent-header-meta":"","adv-header-id-meta":"","stick-header-meta":"","header-above-stick-meta":"","header-main-stick-meta":"","header-below-stick-meta":"","astra-migrate-meta-layouts":"set","ast-page-background-enabled":"default","ast-page-background-meta":{"desktop":{"background-color":"","background-image":"","background-repeat":"repeat","background-position":"center center","background-size":"auto","background-attachment":"scroll","background-type":"","background-media":"","overlay-type":"","overlay-color":"","overlay-opacity":"","overlay-gradient":""},"tablet":{"background-color":"","background-image":"","background-repeat":"repeat","background-position":"center center","background-size":"auto","background-attachment":"scroll","background-type":"","background-media":"","overlay-type":"","overlay-color":"","overlay-opacity":"","overlay-gradient":""},"mobile":{"background-color":"","background-image":"","background-repeat":"repeat","background-position":"center center","background-size":"auto","background-attachment":"scroll","background-type":"","background-media":"","overlay-type":"","overlay-color":"","overlay-opacity":"","overlay-gradient":""}},"ast-content-background-meta":{"desktop":{"background-color":"var(--ast-global-color-5)","background-image":"","background-repeat":"repeat","background-position":"center center","background-size":"auto","background-attachment":"scroll","background-type":"","background-media":"","overlay-type":"","overlay-color":"","overlay-opacity":"","overlay-gradient":""},"tablet":{"background-color":"var(--ast-global-color-5)","background-image":"","background-repeat":"repeat","background-position":"center center","background-size":"auto","background-attachment":"scroll","background-type":"","background-media":"","overlay-type":"","overlay-color":"","overlay-opacity":"","overlay-gradient":""},"mobile":{"background-color":"var(--ast-global-color-5)","background-image":"","background-repeat":"repeat","background-position":"center center","background-size":"auto","background-attachment":"scroll","background-type":"","background-media":"","overlay-type":"","overlay-color":"","overlay-opacity":"","overlay-gradient":""}},"footnotes":""},"class_list":["post-2764","page","type-page","status-publish","hentry"],"_links":{"self":[{"href":"https:\/\/www.saso-avsenik.com\/de\/wp-json\/wp\/v2\/pages\/2764","targetHints":{"allow":["GET"]}}],"collection":[{"href":"https:\/\/www.saso-avsenik.com\/de\/wp-json\/wp\/v2\/pages"}],"about":[{"href":"https:\/\/www.saso-avsenik.com\/de\/wp-json\/wp\/v2\/types\/page"}],"author":[{"embeddable":true,"href":"https:\/\/www.saso-avsenik.com\/de\/wp-json\/wp\/v2\/users\/1"}],"replies":[{"embeddable":true,"href":"https:\/\/www.saso-avsenik.com\/de\/wp-json\/wp\/v2\/comments?post=2764"}],"version-history":[{"count":0,"href":"https:\/\/www.saso-avsenik.com\/de\/wp-json\/wp\/v2\/pages\/2764\/revisions"}],"wp:attachment":[{"href":"https:\/\/www.saso-avsenik.com\/de\/wp-json\/wp\/v2\/media?parent=2764"}],"curies":[{"name":"wp","href":"https:\/\/api.w.org\/{rel}","templated":true}]}}