{"id":2869,"date":"2023-08-23T22:51:03","date_gmt":"2023-08-23T20:51:03","guid":{"rendered":"https:\/\/dev-saso-avsenik.votan.co\/izdelek\/schluesselband-danke-kuesschen-gute-nacht\/"},"modified":"2023-08-23T22:51:03","modified_gmt":"2023-08-23T20:51:03","slug":"trak-za-kljuce-bolha","status":"publish","type":"product","link":"https:\/\/www.saso-avsenik.com\/de\/produkt\/trak-za-kljuce-bolha\/","title":{"rendered":"Schl\u00fcsselband &#8222;Danke, K\u00fcsschen Gute Nacht&#8220;"},"content":{"rendered":"<p>Sie werden nie wieder nach Ihren Schl\u00fcsseln suchen. Das Schl\u00fcsselband begleitet Sie auf Schritt und Tritt und passt mit seiner klassischen schwarzen Farbe zu jedem Kleidungsstil.<br \/>\nDa das Band breiter ist als normale Nackenb\u00e4nder, ist es sehr angenehm zu tragen. Da das Band breiter ist als normale Nackenb\u00e4nder, ist es sehr angenehm zu tragen. Es verf\u00fcgt au\u00dferdem \u00fcber einen Karabiner, der zur Befestigung an Kunststoffh\u00fcllen mit L\u00f6chern oder direkt an Karten mit Loch, Schl\u00fcsseln, Anh\u00e4ngern usw. vorgesehen ist.<br \/>\nAbmessungen: L: 480 mm x B: 25 mm<br \/>\nFarbe: Lila mit wei\u00dfem Aufdruck<br \/>\nPflege: Handw\u00e4sche<\/p>\n","protected":false},"excerpt":{"rendered":"<p>Sie werden nie wieder nach Ihren Schl\u00fcsseln suchen. Das Schl\u00fcsselband begleitet Sie auf Schritt und Tritt und passt mit seiner klassischen schwarzen Farbe zu jedem Kleidungsstil. Da das Band breiter ist als normale Nackenb\u00e4nder, ist es sehr angenehm zu tragen. Da das Band breiter ist als normale Nackenb\u00e4nder, ist es sehr angenehm zu tragen. Es [&hellip;]<\/p>\n","protected":false},"featured_media":3005,"template":"","meta":{"site-sidebar-layout":"default","site-content-layout":"","ast-site-content-layout":"default","site-content-style":"default","site-sidebar-style":"default","ast-global-header-display":"","ast-banner-title-visibility":"","ast-main-header-display":"","ast-hfb-above-header-display":"","ast-hfb-below-header-display":"","ast-hfb-mobile-header-display":"","site-post-title":"","ast-breadcrumbs-content":"","ast-featured-img":"","footer-sml-layout":"","ast-disable-related-posts":"","theme-transparent-header-meta":"default","adv-header-id-meta":"","stick-header-meta":"","header-above-stick-meta":"","header-main-stick-meta":"","header-below-stick-meta":"","astra-migrate-meta-layouts":"default","ast-page-background-enabled":"default","ast-page-background-meta":{"desktop":{"background-color":"","background-image":"","background-repeat":"repeat","background-position":"center center","background-size":"auto","background-attachment":"scroll","background-type":"","background-media":"","overlay-type":"","overlay-color":"","overlay-opacity":"","overlay-gradient":""},"tablet":{"background-color":"","background-image":"","background-repeat":"repeat","background-position":"center center","background-size":"auto","background-attachment":"scroll","background-type":"","background-media":"","overlay-type":"","overlay-color":"","overlay-opacity":"","overlay-gradient":""},"mobile":{"background-color":"","background-image":"","background-repeat":"repeat","background-position":"center center","background-size":"auto","background-attachment":"scroll","background-type":"","background-media":"","overlay-type":"","overlay-color":"","overlay-opacity":"","overlay-gradient":""}},"ast-content-background-meta":{"desktop":{"background-color":"var(--ast-global-color-5)","background-image":"","background-repeat":"repeat","background-position":"center center","background-size":"auto","background-attachment":"scroll","background-type":"","background-media":"","overlay-type":"","overlay-color":"","overlay-opacity":"","overlay-gradient":""},"tablet":{"background-color":"var(--ast-global-color-5)","background-image":"","background-repeat":"repeat","background-position":"center center","background-size":"auto","background-attachment":"scroll","background-type":"","background-media":"","overlay-type":"","overlay-color":"","overlay-opacity":"","overlay-gradient":""},"mobile":{"background-color":"var(--ast-global-color-5)","background-image":"","background-repeat":"repeat","background-position":"center center","background-size":"auto","background-attachment":"scroll","background-type":"","background-media":"","overlay-type":"","overlay-color":"","overlay-opacity":"","overlay-gradient":""}}},"product_brand":[],"product_cat":[155],"product_tag":[],"class_list":{"0":"post-2869","1":"product","2":"type-product","3":"status-publish","4":"has-post-thumbnail","6":"product_cat-sonstiges","7":"desktop-align-left","8":"tablet-align-left","9":"mobile-align-left","10":"ast-product-gallery-layout-horizontal-slider","11":"ast-product-gallery-with-no-image","12":"ast-product-tabs-layout-horizontal","14":"first","15":"instock","16":"shipping-taxable","17":"purchasable","18":"product-type-simple"},"_links":{"self":[{"href":"https:\/\/www.saso-avsenik.com\/de\/wp-json\/wp\/v2\/product\/2869","targetHints":{"allow":["GET"]}}],"collection":[{"href":"https:\/\/www.saso-avsenik.com\/de\/wp-json\/wp\/v2\/product"}],"about":[{"href":"https:\/\/www.saso-avsenik.com\/de\/wp-json\/wp\/v2\/types\/product"}],"wp:featuredmedia":[{"embeddable":true,"href":"https:\/\/www.saso-avsenik.com\/de\/wp-json\/wp\/v2\/media\/3005"}],"wp:attachment":[{"href":"https:\/\/www.saso-avsenik.com\/de\/wp-json\/wp\/v2\/media?parent=2869"}],"wp:term":[{"taxonomy":"product_brand","embeddable":true,"href":"https:\/\/www.saso-avsenik.com\/de\/wp-json\/wp\/v2\/product_brand?post=2869"},{"taxonomy":"product_cat","embeddable":true,"href":"https:\/\/www.saso-avsenik.com\/de\/wp-json\/wp\/v2\/product_cat?post=2869"},{"taxonomy":"product_tag","embeddable":true,"href":"https:\/\/www.saso-avsenik.com\/de\/wp-json\/wp\/v2\/product_tag?post=2869"}],"curies":[{"name":"wp","href":"https:\/\/api.w.org\/{rel}","templated":true}]}}