{"id":2888,"date":"2023-08-24T19:04:09","date_gmt":"2023-08-24T17:04:09","guid":{"rendered":"https:\/\/dev-saso-avsenik.votan.co\/izdelek\/album-polkaklang-ein-leben-lang\/"},"modified":"2023-08-24T19:20:39","modified_gmt":"2023-08-24T17:20:39","slug":"album-polkaklang-ein-leben-lang","status":"publish","type":"product","link":"https:\/\/www.saso-avsenik.com\/de\/produkt\/album-polkaklang-ein-leben-lang\/","title":{"rendered":"ALBUM \u2013 Polkaklang ein Leben lang"},"content":{"rendered":"<p>Ausgabejahr: 2023<\/p>\n<p>Herausgeber: MCP SOUND &amp; MEDIA GmbH<\/p>\n<p>Enthaltene Musikst\u00fccke:<\/p>\n<ol>\n<li>Das ganze Dorf ist den Beinen<\/li>\n<li>Wann kommst du zu mir<\/li>\n<li>Hallo kleine Maus<\/li>\n<li>Silberblau Mitternacht<\/li>\n<li>Mit Polka durch die Welt \u2013 Medley<\/li>\n<li>Wie ein ewiger Tanz<\/li>\n<li>Wenn M<em>\u00e4dchen tr\u00e4umen<\/em><\/li>\n<li><em>Total verr\u00fcckt<\/em><\/li>\n<li><em>Polkaklang ein Leben lang<\/em><\/li>\n<li><em>Walzerklang aus Oberkrain<\/em><\/li>\n<li><em>R\u00fcckkehr der Burschen<\/em><\/li>\n<li><em>Polkafreunde &#8211; Medley<\/em><\/li>\n<\/ol>\n","protected":false},"excerpt":{"rendered":"<p>Ausgabejahr: 2023 Herausgeber: MCP SOUND &amp; MEDIA GmbH Enthaltene Musikst\u00fccke: Das ganze Dorf ist den Beinen Wann kommst du zu mir Hallo kleine Maus Silberblau Mitternacht Mit Polka durch die Welt \u2013 Medley Wie ein ewiger Tanz Wenn M\u00e4dchen tr\u00e4umen Total verr\u00fcckt Polkaklang ein Leben lang Walzerklang aus Oberkrain R\u00fcckkehr der Burschen Polkafreunde &#8211; Medley<\/p>\n","protected":false},"featured_media":2782,"template":"","meta":{"site-sidebar-layout":"default","site-content-layout":"","ast-site-content-layout":"default","site-content-style":"default","site-sidebar-style":"default","ast-global-header-display":"","ast-banner-title-visibility":"","ast-main-header-display":"","ast-hfb-above-header-display":"","ast-hfb-below-header-display":"","ast-hfb-mobile-header-display":"","site-post-title":"","ast-breadcrumbs-content":"","ast-featured-img":"","footer-sml-layout":"","ast-disable-related-posts":"","theme-transparent-header-meta":"default","adv-header-id-meta":"","stick-header-meta":"","header-above-stick-meta":"","header-main-stick-meta":"","header-below-stick-meta":"","astra-migrate-meta-layouts":"default","ast-page-background-enabled":"default","ast-page-background-meta":{"desktop":{"background-color":"","background-image":"","background-repeat":"repeat","background-position":"center center","background-size":"auto","background-attachment":"scroll","background-type":"","background-media":"","overlay-type":"","overlay-color":"","overlay-opacity":"","overlay-gradient":""},"tablet":{"background-color":"","background-image":"","background-repeat":"repeat","background-position":"center center","background-size":"auto","background-attachment":"scroll","background-type":"","background-media":"","overlay-type":"","overlay-color":"","overlay-opacity":"","overlay-gradient":""},"mobile":{"background-color":"","background-image":"","background-repeat":"repeat","background-position":"center center","background-size":"auto","background-attachment":"scroll","background-type":"","background-media":"","overlay-type":"","overlay-color":"","overlay-opacity":"","overlay-gradient":""}},"ast-content-background-meta":{"desktop":{"background-color":"var(--ast-global-color-5)","background-image":"","background-repeat":"repeat","background-position":"center center","background-size":"auto","background-attachment":"scroll","background-type":"","background-media":"","overlay-type":"","overlay-color":"","overlay-opacity":"","overlay-gradient":""},"tablet":{"background-color":"var(--ast-global-color-5)","background-image":"","background-repeat":"repeat","background-position":"center center","background-size":"auto","background-attachment":"scroll","background-type":"","background-media":"","overlay-type":"","overlay-color":"","overlay-opacity":"","overlay-gradient":""},"mobile":{"background-color":"var(--ast-global-color-5)","background-image":"","background-repeat":"repeat","background-position":"center center","background-size":"auto","background-attachment":"scroll","background-type":"","background-media":"","overlay-type":"","overlay-color":"","overlay-opacity":"","overlay-gradient":""}}},"product_brand":[],"product_cat":[150],"product_tag":[],"class_list":{"0":"post-2888","1":"product","2":"type-product","3":"status-publish","4":"has-post-thumbnail","6":"product_cat-tontraeger","7":"desktop-align-left","8":"tablet-align-left","9":"mobile-align-left","10":"ast-product-gallery-layout-horizontal-slider","11":"ast-product-gallery-with-no-image","12":"ast-product-tabs-layout-horizontal","14":"first","15":"instock","16":"shipping-taxable","17":"purchasable","18":"product-type-simple"},"_links":{"self":[{"href":"https:\/\/www.saso-avsenik.com\/de\/wp-json\/wp\/v2\/product\/2888","targetHints":{"allow":["GET"]}}],"collection":[{"href":"https:\/\/www.saso-avsenik.com\/de\/wp-json\/wp\/v2\/product"}],"about":[{"href":"https:\/\/www.saso-avsenik.com\/de\/wp-json\/wp\/v2\/types\/product"}],"wp:featuredmedia":[{"embeddable":true,"href":"https:\/\/www.saso-avsenik.com\/de\/wp-json\/wp\/v2\/media\/2782"}],"wp:attachment":[{"href":"https:\/\/www.saso-avsenik.com\/de\/wp-json\/wp\/v2\/media?parent=2888"}],"wp:term":[{"taxonomy":"product_brand","embeddable":true,"href":"https:\/\/www.saso-avsenik.com\/de\/wp-json\/wp\/v2\/product_brand?post=2888"},{"taxonomy":"product_cat","embeddable":true,"href":"https:\/\/www.saso-avsenik.com\/de\/wp-json\/wp\/v2\/product_cat?post=2888"},{"taxonomy":"product_tag","embeddable":true,"href":"https:\/\/www.saso-avsenik.com\/de\/wp-json\/wp\/v2\/product_tag?post=2888"}],"curies":[{"name":"wp","href":"https:\/\/api.w.org\/{rel}","templated":true}]}}