{"id":5649,"date":"2026-01-16T10:44:29","date_gmt":"2026-01-16T09:44:29","guid":{"rendered":"https:\/\/www.saso-avsenik.com\/?post_type=product&#038;p=5649"},"modified":"2026-01-16T10:44:29","modified_gmt":"2026-01-16T09:44:29","slug":"gestricktes-winterband-weiss","status":"publish","type":"product","link":"https:\/\/www.saso-avsenik.com\/de\/produkt\/gestricktes-winterband-weiss\/","title":{"rendered":"Gestricktes Winterband &#8211; Wei\u00df"},"content":{"rendered":"<p data-start=\"42\" data-end=\"283\">Warmer, bequemer und praktischer gestrickter Ohrw\u00e4rmer ist die ideale Wahl f\u00fcr alle, die Schutz vor K\u00e4lte m\u00f6chten, ohne eine M\u00fctze zu tragen. Perfekt f\u00fcr Spazierg\u00e4nge, sportliche Aktivit\u00e4ten oder den t\u00e4glichen Gebrauch an k\u00e4lteren Tagen.<\/p>\n<p data-start=\"285\" data-end=\"303\"><strong data-start=\"285\" data-end=\"303\">Eigenschaften:<\/strong><\/p>\n<ul data-start=\"304\" data-end=\"474\">\n<li data-start=\"304\" data-end=\"365\">\n<p data-start=\"306\" data-end=\"365\">angenehmes Strickmaterial, das die Ohren sanft umschlie\u00dft<\/p>\n<\/li>\n<li data-start=\"366\" data-end=\"396\">\n<p data-start=\"368\" data-end=\"396\">weich und bequem zu tragen<\/p>\n<\/li>\n<li data-start=\"397\" data-end=\"444\">\n<p data-start=\"399\" data-end=\"444\">geeignet f\u00fcr verschiedene Stile und Anl\u00e4sse<\/p>\n<\/li>\n<li data-start=\"445\" data-end=\"474\">\n<p data-start=\"447\" data-end=\"474\">leicht, aber dennoch warm<\/p>\n<\/li>\n<\/ul>\n<p data-start=\"476\" data-end=\"561\"><strong data-start=\"476\" data-end=\"486\">Farbe: <\/strong>Wei<span class=\"Y2IQFc\" lang=\"de\">\u00df<\/span><\/p>\n<p data-start=\"476\" data-end=\"561\"><strong data-start=\"499\" data-end=\"512\">Material:<\/strong> 50 % Wolle, 50 % Acryl, Futter 100 % Polyester<\/p>\n<p data-start=\"563\" data-end=\"593\"><strong data-start=\"563\" data-end=\"593\">Warum du ihn lieben wirst:<\/strong><\/p>\n<ul data-start=\"594\" data-end=\"724\">\n<li data-start=\"594\" data-end=\"633\">\n<p data-start=\"596\" data-end=\"633\">hervorragende Alternative zur M\u00fctze<\/p>\n<\/li>\n<li data-start=\"634\" data-end=\"674\">\n<p data-start=\"636\" data-end=\"674\">passt sich sch\u00f6n an und dr\u00fcckt nicht<\/p>\n<\/li>\n<li data-start=\"675\" data-end=\"724\">\n<p data-start=\"677\" data-end=\"724\">ideal f\u00fcr den Alltag oder Outdoor-Aktivit\u00e4ten<\/p>\n<\/li>\n<\/ul>\n<p data-start=\"726\" data-end=\"804\" data-is-last-node=\"\" data-is-only-node=\"\">Eine tolle Geschenkidee oder die perfekte Erg\u00e4nzung f\u00fcr deine Wintergarderobe.<\/p>\n","protected":false},"excerpt":{"rendered":"<p>Warmer, bequemer und praktischer gestrickter Ohrw\u00e4rmer ist die ideale Wahl f\u00fcr alle, die Schutz vor K\u00e4lte m\u00f6chten, ohne eine M\u00fctze zu tragen. Perfekt f\u00fcr Spazierg\u00e4nge, sportliche Aktivit\u00e4ten oder den t\u00e4glichen Gebrauch an k\u00e4lteren Tagen. Eigenschaften: angenehmes Strickmaterial, das die Ohren sanft umschlie\u00dft weich und bequem zu tragen geeignet f\u00fcr verschiedene Stile und Anl\u00e4sse leicht, aber [&hellip;]<\/p>\n","protected":false},"featured_media":5631,"template":"","meta":{"site-sidebar-layout":"default","site-content-layout":"","ast-site-content-layout":"default","site-content-style":"default","site-sidebar-style":"default","ast-global-header-display":"","ast-banner-title-visibility":"","ast-main-header-display":"","ast-hfb-above-header-display":"","ast-hfb-below-header-display":"","ast-hfb-mobile-header-display":"","site-post-title":"","ast-breadcrumbs-content":"","ast-featured-img":"","footer-sml-layout":"","ast-disable-related-posts":"","theme-transparent-header-meta":"default","adv-header-id-meta":"","stick-header-meta":"","header-above-stick-meta":"","header-main-stick-meta":"","header-below-stick-meta":"","astra-migrate-meta-layouts":"set","ast-page-background-enabled":"default","ast-page-background-meta":{"desktop":{"background-color":"","background-image":"","background-repeat":"repeat","background-position":"center center","background-size":"auto","background-attachment":"scroll","background-type":"","background-media":"","overlay-type":"","overlay-color":"","overlay-opacity":"","overlay-gradient":""},"tablet":{"background-color":"","background-image":"","background-repeat":"repeat","background-position":"center center","background-size":"auto","background-attachment":"scroll","background-type":"","background-media":"","overlay-type":"","overlay-color":"","overlay-opacity":"","overlay-gradient":""},"mobile":{"background-color":"","background-image":"","background-repeat":"repeat","background-position":"center center","background-size":"auto","background-attachment":"scroll","background-type":"","background-media":"","overlay-type":"","overlay-color":"","overlay-opacity":"","overlay-gradient":""}},"ast-content-background-meta":{"desktop":{"background-color":"var(--ast-global-color-5)","background-image":"","background-repeat":"repeat","background-position":"center center","background-size":"auto","background-attachment":"scroll","background-type":"","background-media":"","overlay-type":"","overlay-color":"","overlay-opacity":"","overlay-gradient":""},"tablet":{"background-color":"var(--ast-global-color-5)","background-image":"","background-repeat":"repeat","background-position":"center center","background-size":"auto","background-attachment":"scroll","background-type":"","background-media":"","overlay-type":"","overlay-color":"","overlay-opacity":"","overlay-gradient":""},"mobile":{"background-color":"var(--ast-global-color-5)","background-image":"","background-repeat":"repeat","background-position":"center center","background-size":"auto","background-attachment":"scroll","background-type":"","background-media":"","overlay-type":"","overlay-color":"","overlay-opacity":"","overlay-gradient":""}}},"product_brand":[],"product_cat":[252],"product_tag":[],"class_list":{"0":"post-5649","1":"product","2":"type-product","3":"status-publish","4":"has-post-thumbnail","6":"product_cat-kappe","7":"desktop-align-left","8":"tablet-align-left","9":"mobile-align-left","10":"ast-product-gallery-layout-horizontal-slider","11":"ast-product-tabs-layout-horizontal","13":"first","14":"instock","15":"shipping-taxable","16":"purchasable","17":"product-type-simple"},"_links":{"self":[{"href":"https:\/\/www.saso-avsenik.com\/de\/wp-json\/wp\/v2\/product\/5649","targetHints":{"allow":["GET"]}}],"collection":[{"href":"https:\/\/www.saso-avsenik.com\/de\/wp-json\/wp\/v2\/product"}],"about":[{"href":"https:\/\/www.saso-avsenik.com\/de\/wp-json\/wp\/v2\/types\/product"}],"wp:featuredmedia":[{"embeddable":true,"href":"https:\/\/www.saso-avsenik.com\/de\/wp-json\/wp\/v2\/media\/5631"}],"wp:attachment":[{"href":"https:\/\/www.saso-avsenik.com\/de\/wp-json\/wp\/v2\/media?parent=5649"}],"wp:term":[{"taxonomy":"product_brand","embeddable":true,"href":"https:\/\/www.saso-avsenik.com\/de\/wp-json\/wp\/v2\/product_brand?post=5649"},{"taxonomy":"product_cat","embeddable":true,"href":"https:\/\/www.saso-avsenik.com\/de\/wp-json\/wp\/v2\/product_cat?post=5649"},{"taxonomy":"product_tag","embeddable":true,"href":"https:\/\/www.saso-avsenik.com\/de\/wp-json\/wp\/v2\/product_tag?post=5649"}],"curies":[{"name":"wp","href":"https:\/\/api.w.org\/{rel}","templated":true}]}}