{"id":5651,"date":"2026-01-16T10:53:29","date_gmt":"2026-01-16T09:53:29","guid":{"rendered":"https:\/\/www.saso-avsenik.com\/?post_type=product&#038;p=5651"},"modified":"2026-01-16T10:57:46","modified_gmt":"2026-01-16T09:57:46","slug":"gestrickte-wintermuetze-weiss","status":"publish","type":"product","link":"https:\/\/www.saso-avsenik.com\/de\/produkt\/gestrickte-wintermuetze-weiss\/","title":{"rendered":"Gestrickte Winterm\u00fctze &#8211; Wei\u00df"},"content":{"rendered":"<p data-start=\"46\" data-end=\"436\">Elegante und warme gestrickte Winterm\u00fctze, ideal f\u00fcr kalte Tage, Open-Air-Konzerte oder t\u00e4gliche Spazierg\u00e4nge. Sie vereint Komfort und W\u00e4rme an kalten Wintertagen. Das klassische Strickmuster sorgt f\u00fcr einen zeitlosen Look, w\u00e4hrend der weiche Bommel einen Hauch von Gem\u00fctlichkeit und winterlichem Charme verleiht. Am vorderen Rand befindet sich ein dezent gesticktes Logo des Ensembles.<\/p>\n<p data-start=\"438\" data-end=\"582\" data-is-last-node=\"\" data-is-only-node=\"\"><strong data-start=\"438\" data-end=\"448\">Farbe:<\/strong> Wei\u00df<br \/>\n<strong data-start=\"456\" data-end=\"469\">Material:<\/strong> 50 % Wolle, 50 % Acryl<br data-start=\"492\" data-end=\"495\" data-is-only-node=\"\" \/><strong data-start=\"495\" data-end=\"506\">Futter:<\/strong> 100 % Polyester<br \/>\n<strong data-start=\"525\" data-end=\"536\">Pflege:<\/strong> Maschinenw\u00e4sche bei Temperaturen bis zu 30 \u00b0C<\/p>\n","protected":false},"excerpt":{"rendered":"<p>Elegante und warme gestrickte Winterm\u00fctze, ideal f\u00fcr kalte Tage, Open-Air-Konzerte oder t\u00e4gliche Spazierg\u00e4nge. Sie vereint Komfort und W\u00e4rme an kalten Wintertagen. Das klassische Strickmuster sorgt f\u00fcr einen zeitlosen Look, w\u00e4hrend der weiche Bommel einen Hauch von Gem\u00fctlichkeit und winterlichem Charme verleiht. Am vorderen Rand befindet sich ein dezent gesticktes Logo des Ensembles. Farbe: Wei\u00df Material: [&hellip;]<\/p>\n","protected":false},"featured_media":5613,"template":"","meta":{"site-sidebar-layout":"default","site-content-layout":"","ast-site-content-layout":"default","site-content-style":"default","site-sidebar-style":"default","ast-global-header-display":"","ast-banner-title-visibility":"","ast-main-header-display":"","ast-hfb-above-header-display":"","ast-hfb-below-header-display":"","ast-hfb-mobile-header-display":"","site-post-title":"","ast-breadcrumbs-content":"","ast-featured-img":"","footer-sml-layout":"","ast-disable-related-posts":"","theme-transparent-header-meta":"default","adv-header-id-meta":"","stick-header-meta":"","header-above-stick-meta":"","header-main-stick-meta":"","header-below-stick-meta":"","astra-migrate-meta-layouts":"set","ast-page-background-enabled":"default","ast-page-background-meta":{"desktop":{"background-color":"","background-image":"","background-repeat":"repeat","background-position":"center center","background-size":"auto","background-attachment":"scroll","background-type":"","background-media":"","overlay-type":"","overlay-color":"","overlay-opacity":"","overlay-gradient":""},"tablet":{"background-color":"","background-image":"","background-repeat":"repeat","background-position":"center center","background-size":"auto","background-attachment":"scroll","background-type":"","background-media":"","overlay-type":"","overlay-color":"","overlay-opacity":"","overlay-gradient":""},"mobile":{"background-color":"","background-image":"","background-repeat":"repeat","background-position":"center center","background-size":"auto","background-attachment":"scroll","background-type":"","background-media":"","overlay-type":"","overlay-color":"","overlay-opacity":"","overlay-gradient":""}},"ast-content-background-meta":{"desktop":{"background-color":"var(--ast-global-color-5)","background-image":"","background-repeat":"repeat","background-position":"center center","background-size":"auto","background-attachment":"scroll","background-type":"","background-media":"","overlay-type":"","overlay-color":"","overlay-opacity":"","overlay-gradient":""},"tablet":{"background-color":"var(--ast-global-color-5)","background-image":"","background-repeat":"repeat","background-position":"center center","background-size":"auto","background-attachment":"scroll","background-type":"","background-media":"","overlay-type":"","overlay-color":"","overlay-opacity":"","overlay-gradient":""},"mobile":{"background-color":"var(--ast-global-color-5)","background-image":"","background-repeat":"repeat","background-position":"center center","background-size":"auto","background-attachment":"scroll","background-type":"","background-media":"","overlay-type":"","overlay-color":"","overlay-opacity":"","overlay-gradient":""}}},"product_brand":[],"product_cat":[252],"product_tag":[],"class_list":{"0":"post-5651","1":"product","2":"type-product","3":"status-publish","4":"has-post-thumbnail","6":"product_cat-kappe","7":"desktop-align-left","8":"tablet-align-left","9":"mobile-align-left","10":"ast-product-gallery-layout-horizontal-slider","11":"ast-product-tabs-layout-horizontal","13":"first","14":"instock","15":"shipping-taxable","16":"purchasable","17":"product-type-simple"},"_links":{"self":[{"href":"https:\/\/www.saso-avsenik.com\/de\/wp-json\/wp\/v2\/product\/5651","targetHints":{"allow":["GET"]}}],"collection":[{"href":"https:\/\/www.saso-avsenik.com\/de\/wp-json\/wp\/v2\/product"}],"about":[{"href":"https:\/\/www.saso-avsenik.com\/de\/wp-json\/wp\/v2\/types\/product"}],"wp:featuredmedia":[{"embeddable":true,"href":"https:\/\/www.saso-avsenik.com\/de\/wp-json\/wp\/v2\/media\/5613"}],"wp:attachment":[{"href":"https:\/\/www.saso-avsenik.com\/de\/wp-json\/wp\/v2\/media?parent=5651"}],"wp:term":[{"taxonomy":"product_brand","embeddable":true,"href":"https:\/\/www.saso-avsenik.com\/de\/wp-json\/wp\/v2\/product_brand?post=5651"},{"taxonomy":"product_cat","embeddable":true,"href":"https:\/\/www.saso-avsenik.com\/de\/wp-json\/wp\/v2\/product_cat?post=5651"},{"taxonomy":"product_tag","embeddable":true,"href":"https:\/\/www.saso-avsenik.com\/de\/wp-json\/wp\/v2\/product_tag?post=5651"}],"curies":[{"name":"wp","href":"https:\/\/api.w.org\/{rel}","templated":true}]}}