{"id":5653,"date":"2026-01-16T11:02:35","date_gmt":"2026-01-16T10:02:35","guid":{"rendered":"https:\/\/www.saso-avsenik.com\/?post_type=product&#038;p=5653"},"modified":"2026-01-18T20:26:30","modified_gmt":"2026-01-18T19:26:30","slug":"strickmuetze-saso-avsenik-schwarz-gold","status":"publish","type":"product","link":"https:\/\/www.saso-avsenik.com\/de\/produkt\/strickmuetze-saso-avsenik-schwarz-gold\/","title":{"rendered":"Strickm\u00fctze Sa\u0161o Avsenik &#8211; schwarz gold"},"content":{"rendered":"<p data-start=\"46\" data-end=\"205\">Elegante und zeitlose gestrickte Winterm\u00fctze in Schwarz-Gold ist die perfekte Wahl f\u00fcr alle, die W\u00e4rme mit einem raffinierten Winterstil verbinden m\u00f6chten.<\/p>\n<p data-start=\"207\" data-end=\"232\"><strong data-start=\"207\" data-end=\"217\">Farbe:<\/strong> Schwarz-Gold<\/p>\n<p data-start=\"234\" data-end=\"263\"><strong data-start=\"234\" data-end=\"263\">Besonderheiten der M\u00fctze:<\/strong><\/p>\n<ul data-start=\"264\" data-end=\"503\">\n<li data-start=\"264\" data-end=\"353\">\n<p data-start=\"266\" data-end=\"353\"><strong data-start=\"266\" data-end=\"298\">Abnehmbarer schwarzer Bommel<\/strong> \u2013 erm\u00f6glicht eine Anpassung des Looks je nach Anlass<\/p>\n<\/li>\n<li data-start=\"354\" data-end=\"423\">\n<p data-start=\"356\" data-end=\"423\"><strong data-start=\"356\" data-end=\"387\">Goldenes Logo <\/strong>\u00a0\u2013 ein dezentes, aber edles Detail<\/p>\n<\/li>\n<li data-start=\"424\" data-end=\"503\">\n<p data-start=\"426\" data-end=\"503\"><strong data-start=\"426\" data-end=\"445\">Warm und bequem<\/strong> \u2013 ideal f\u00fcr kalte Wintertage, Konzerte und die Freizeit<\/p>\n<\/li>\n<\/ul>\n<p data-start=\"505\" data-end=\"631\" data-is-last-node=\"\" data-is-only-node=\"\"><strong data-start=\"505\" data-end=\"518\">Material:<\/strong> 50 % Wolle, 50 % Acryl<br data-start=\"541\" data-end=\"544\" \/><strong data-start=\"544\" data-end=\"555\">Futter:<\/strong> 100 % Polyester<br data-start=\"571\" data-end=\"574\" \/><strong data-start=\"574\" data-end=\"585\">Pflege:<\/strong> Maschinenw\u00e4sche bei Temperaturen bis zu 30 \u00b0C<\/p>\n","protected":false},"excerpt":{"rendered":"<p>Elegante und zeitlose gestrickte Winterm\u00fctze in Schwarz-Gold ist die perfekte Wahl f\u00fcr alle, die W\u00e4rme mit einem raffinierten Winterstil verbinden m\u00f6chten. Farbe: Schwarz-Gold Besonderheiten der M\u00fctze: Abnehmbarer schwarzer Bommel \u2013 erm\u00f6glicht eine Anpassung des Looks je nach Anlass Goldenes Logo \u00a0\u2013 ein dezentes, aber edles Detail Warm und bequem \u2013 ideal f\u00fcr kalte Wintertage, Konzerte [&hellip;]<\/p>\n","protected":false},"featured_media":5621,"template":"","meta":{"site-sidebar-layout":"default","site-content-layout":"","ast-site-content-layout":"default","site-content-style":"default","site-sidebar-style":"default","ast-global-header-display":"","ast-banner-title-visibility":"","ast-main-header-display":"","ast-hfb-above-header-display":"","ast-hfb-below-header-display":"","ast-hfb-mobile-header-display":"","site-post-title":"","ast-breadcrumbs-content":"","ast-featured-img":"","footer-sml-layout":"","ast-disable-related-posts":"","theme-transparent-header-meta":"default","adv-header-id-meta":"","stick-header-meta":"","header-above-stick-meta":"","header-main-stick-meta":"","header-below-stick-meta":"","astra-migrate-meta-layouts":"set","ast-page-background-enabled":"default","ast-page-background-meta":{"desktop":{"background-color":"","background-image":"","background-repeat":"repeat","background-position":"center center","background-size":"auto","background-attachment":"scroll","background-type":"","background-media":"","overlay-type":"","overlay-color":"","overlay-opacity":"","overlay-gradient":""},"tablet":{"background-color":"","background-image":"","background-repeat":"repeat","background-position":"center center","background-size":"auto","background-attachment":"scroll","background-type":"","background-media":"","overlay-type":"","overlay-color":"","overlay-opacity":"","overlay-gradient":""},"mobile":{"background-color":"","background-image":"","background-repeat":"repeat","background-position":"center center","background-size":"auto","background-attachment":"scroll","background-type":"","background-media":"","overlay-type":"","overlay-color":"","overlay-opacity":"","overlay-gradient":""}},"ast-content-background-meta":{"desktop":{"background-color":"var(--ast-global-color-5)","background-image":"","background-repeat":"repeat","background-position":"center center","background-size":"auto","background-attachment":"scroll","background-type":"","background-media":"","overlay-type":"","overlay-color":"","overlay-opacity":"","overlay-gradient":""},"tablet":{"background-color":"var(--ast-global-color-5)","background-image":"","background-repeat":"repeat","background-position":"center center","background-size":"auto","background-attachment":"scroll","background-type":"","background-media":"","overlay-type":"","overlay-color":"","overlay-opacity":"","overlay-gradient":""},"mobile":{"background-color":"var(--ast-global-color-5)","background-image":"","background-repeat":"repeat","background-position":"center center","background-size":"auto","background-attachment":"scroll","background-type":"","background-media":"","overlay-type":"","overlay-color":"","overlay-opacity":"","overlay-gradient":""}}},"product_brand":[],"product_cat":[252],"product_tag":[],"class_list":{"0":"post-5653","1":"product","2":"type-product","3":"status-publish","4":"has-post-thumbnail","6":"product_cat-kappe","7":"desktop-align-left","8":"tablet-align-left","9":"mobile-align-left","10":"ast-product-gallery-layout-horizontal-slider","11":"ast-product-tabs-layout-horizontal","13":"first","14":"instock","15":"shipping-taxable","16":"purchasable","17":"product-type-simple"},"_links":{"self":[{"href":"https:\/\/www.saso-avsenik.com\/de\/wp-json\/wp\/v2\/product\/5653","targetHints":{"allow":["GET"]}}],"collection":[{"href":"https:\/\/www.saso-avsenik.com\/de\/wp-json\/wp\/v2\/product"}],"about":[{"href":"https:\/\/www.saso-avsenik.com\/de\/wp-json\/wp\/v2\/types\/product"}],"wp:featuredmedia":[{"embeddable":true,"href":"https:\/\/www.saso-avsenik.com\/de\/wp-json\/wp\/v2\/media\/5621"}],"wp:attachment":[{"href":"https:\/\/www.saso-avsenik.com\/de\/wp-json\/wp\/v2\/media?parent=5653"}],"wp:term":[{"taxonomy":"product_brand","embeddable":true,"href":"https:\/\/www.saso-avsenik.com\/de\/wp-json\/wp\/v2\/product_brand?post=5653"},{"taxonomy":"product_cat","embeddable":true,"href":"https:\/\/www.saso-avsenik.com\/de\/wp-json\/wp\/v2\/product_cat?post=5653"},{"taxonomy":"product_tag","embeddable":true,"href":"https:\/\/www.saso-avsenik.com\/de\/wp-json\/wp\/v2\/product_tag?post=5653"}],"curies":[{"name":"wp","href":"https:\/\/api.w.org\/{rel}","templated":true}]}}